{"id":7,"date":"2022-02-07T06:37:08","date_gmt":"2022-02-07T06:37:08","guid":{"rendered":"https:\/\/oroalandalus.ae\/?page_id=7"},"modified":"2026-04-01T08:38:49","modified_gmt":"2026-04-01T06:38:49","slug":"%d9%85%d8%aa%d8%ac%d8%b1-%d8%b2%d9%8a%d8%aa-%d8%a7%d9%84%d8%b2%d9%8a%d8%aa%d9%88%d9%86-%d8%a7%d9%84%d8%a8%d9%83%d8%b1-%d8%a7%d9%84%d9%85%d9%85%d8%aa%d8%a7%d8%b2","status":"publish","type":"page","link":"https:\/\/www.oroalandalus.ae\/es\/%d9%85%d8%aa%d8%ac%d8%b1-%d8%b2%d9%8a%d8%aa-%d8%a7%d9%84%d8%b2%d9%8a%d8%aa%d9%88%d9%86-%d8%a7%d9%84%d8%a8%d9%83%d8%b1-%d8%a7%d9%84%d9%85%d9%85%d8%aa%d8%a7%d8%b2\/","title":{"rendered":"Tienda"},"content":{"rendered":"","protected":false},"excerpt":{"rendered":"","protected":false},"author":1,"featured_media":1954,"parent":0,"menu_order":0,"comment_status":"closed","ping_status":"closed","template":"elementor_header_footer","meta":{"footnotes":""},"class_list":["post-7","page","type-page","status-publish","has-post-thumbnail","hentry"],"yoast_head":"<!-- This site is optimized with the Yoast SEO Premium plugin v24.7 (Yoast SEO v27.0) - https:\/\/yoast.com\/product\/yoast-seo-premium-wordpress\/ -->\n<title>\u0645\u062a\u062c\u0631 \u0632\u064a\u062a \u0627\u0644\u0632\u064a\u062a\u0648\u0646 \u0627\u0644\u0628\u0643\u0631 \u0627\u0644\u0645\u0645\u062a\u0627\u0632 | \u0634\u062d\u0646 \u0645\u062c\u0627\u0646\u064a \u0641\u064a \u0627\u0644\u0625\u0645\u0627\u0631\u0627\u062a<\/title>\n<meta name=\"description\" content=\"\u062a\u0633\u0648\u0651\u0642 \u0632\u064a\u062a \u0627\u0644\u0632\u064a\u062a\u0648\u0646 \u0627\u0644\u0628\u0643\u0631 \u0627\u0644\u0645\u0645\u062a\u0627\u0632 \u0645\u0646 \u0625\u0644 \u0634\u0627\u0646\u062a\u0631 \u0645\u0639 \u0634\u062d\u0646 \u0645\u062c\u0627\u0646\u064a \u0641\u064a \u0627\u0644\u0625\u0645\u0627\u0631\u0627\u062a \u0627\u0644\u0639\u0631\u0628\u064a\u0629 \u0627\u0644\u0645\u062a\u062d\u062f\u0629. \u0627\u0643\u062a\u0634\u0641 \u0645\u062c\u0645\u0648\u0639\u0629 \u0645\u0646 \u0627\u0644\u0632\u064a\u0648\u062a \u0627\u0644\u0641\u0627\u062e\u0631\u0629 \u0648\u0627\u0644\u0647\u062f\u0627\u064a\u0627 \u0627\u0644\u0645\u0645\u064a\u0632\u0629 \u0628\u062c\u0648\u062f\u0629 \u0623\u0646\u062f\u0644\u0633\u064a\u0629 \u0623\u0635\u064a\u0644\u0629.\" \/>\n<meta name=\"robots\" content=\"index, follow, max-snippet:-1, max-image-preview:large, max-video-preview:-1\" \/>\n<link rel=\"canonical\" href=\"https:\/\/www.oroalandalus.ae\/es\/\u0645\u062a\u062c\u0631-\u0632\u064a\u062a-\u0627\u0644\u0632\u064a\u062a\u0648\u0646-\u0627\u0644\u0628\u0643\u0631-\u0627\u0644\u0645\u0645\u062a\u0627\u0632\/\" \/>\n<meta property=\"og:locale\" content=\"ar_AR\" \/>\n<meta property=\"og:type\" content=\"article\" \/>\n<meta property=\"og:title\" content=\"Tienda\" \/>\n<meta property=\"og:description\" content=\"Desde aqu\u00ed podr\u00e1s acceder a nuestro AOVE en diferentes formatos. Adquiere nuestro aceite de oliva virgen extra \u00fanico, elaborado en Ronda.\" \/>\n<meta property=\"og:url\" content=\"https:\/\/www.oroalandalus.ae\/es\/\u0645\u062a\u062c\u0631-\u0632\u064a\u062a-\u0627\u0644\u0632\u064a\u062a\u0648\u0646-\u0627\u0644\u0628\u0643\u0631-\u0627\u0644\u0645\u0645\u062a\u0627\u0632\/\" \/>\n<meta property=\"og:site_name\" content=\"Oro Al-Andal\u00fas\" \/>\n<meta property=\"article:publisher\" content=\"https:\/\/www.facebook.com\/aceiteoroalandalus\/\" \/>\n<meta property=\"article:modified_time\" content=\"2026-04-01T06:38:49+00:00\" \/>\n<meta property=\"og:image\" content=\"https:\/\/www.oroalandalus.ae\/wp-content\/uploads\/2022\/07\/destacada-tienda.jpg\" \/>\n\t<meta property=\"og:image:width\" content=\"1200\" \/>\n\t<meta property=\"og:image:height\" content=\"628\" \/>\n\t<meta property=\"og:image:type\" content=\"image\/jpeg\" \/>\n<meta name=\"twitter:card\" content=\"summary_large_image\" \/>\n<meta name=\"twitter:description\" content=\"Desde aqu\u00ed podr\u00e1s acceder a nuestro AOVE en diferentes formatos. Adquiere nuestro aceite de oliva virgen extra \u00fanico, elaborado en Ronda.\" \/>\n<meta name=\"twitter:image\" content=\"https:\/\/www.oroalandalus.ae\/wp-content\/uploads\/2022\/07\/destacada-tienda.jpg\" \/>\n<meta name=\"twitter:label1\" content=\"Est. reading time\" \/>\n\t<meta name=\"twitter:data1\" content=\"1 minute\" \/>\n<script type=\"application\/ld+json\" class=\"yoast-schema-graph\">{\"@context\":\"https:\/\/schema.org\",\"@graph\":[{\"@type\":\"WebPage\",\"@id\":\"https:\/\/www.oroalandalus.ae\/es\/%d9%85%d8%aa%d8%ac%d8%b1-%d8%b2%d9%8a%d8%aa-%d8%a7%d9%84%d8%b2%d9%8a%d8%aa%d9%88%d9%86-%d8%a7%d9%84%d8%a8%d9%83%d8%b1-%d8%a7%d9%84%d9%85%d9%85%d8%aa%d8%a7%d8%b2\/\",\"url\":\"https:\/\/www.oroalandalus.ae\/es\/%d9%85%d8%aa%d8%ac%d8%b1-%d8%b2%d9%8a%d8%aa-%d8%a7%d9%84%d8%b2%d9%8a%d8%aa%d9%88%d9%86-%d8%a7%d9%84%d8%a8%d9%83%d8%b1-%d8%a7%d9%84%d9%85%d9%85%d8%aa%d8%a7%d8%b2\/\",\"name\":\"\u0645\u062a\u062c\u0631 \u0632\u064a\u062a \u0627\u0644\u0632\u064a\u062a\u0648\u0646 \u0627\u0644\u0628\u0643\u0631 \u0627\u0644\u0645\u0645\u062a\u0627\u0632 | \u0634\u062d\u0646 \u0645\u062c\u0627\u0646\u064a \u0641\u064a \u0627\u0644\u0625\u0645\u0627\u0631\u0627\u062a\",\"isPartOf\":{\"@id\":\"\/#website\"},\"primaryImageOfPage\":{\"@id\":\"https:\/\/www.oroalandalus.ae\/es\/%d9%85%d8%aa%d8%ac%d8%b1-%d8%b2%d9%8a%d8%aa-%d8%a7%d9%84%d8%b2%d9%8a%d8%aa%d9%88%d9%86-%d8%a7%d9%84%d8%a8%d9%83%d8%b1-%d8%a7%d9%84%d9%85%d9%85%d8%aa%d8%a7%d8%b2\/#primaryimage\"},\"image\":{\"@id\":\"https:\/\/www.oroalandalus.ae\/es\/%d9%85%d8%aa%d8%ac%d8%b1-%d8%b2%d9%8a%d8%aa-%d8%a7%d9%84%d8%b2%d9%8a%d8%aa%d9%88%d9%86-%d8%a7%d9%84%d8%a8%d9%83%d8%b1-%d8%a7%d9%84%d9%85%d9%85%d8%aa%d8%a7%d8%b2\/#primaryimage\"},\"thumbnailUrl\":\"https:\/\/www.oroalandalus.ae\/wp-content\/uploads\/2022\/07\/destacada-tienda.jpg\",\"datePublished\":\"2022-02-07T06:37:08+00:00\",\"dateModified\":\"2026-04-01T06:38:49+00:00\",\"description\":\"\u062a\u0633\u0648\u0651\u0642 \u0632\u064a\u062a \u0627\u0644\u0632\u064a\u062a\u0648\u0646 \u0627\u0644\u0628\u0643\u0631 \u0627\u0644\u0645\u0645\u062a\u0627\u0632 \u0645\u0646 \u0625\u0644 \u0634\u0627\u0646\u062a\u0631 \u0645\u0639 \u0634\u062d\u0646 \u0645\u062c\u0627\u0646\u064a \u0641\u064a \u0627\u0644\u0625\u0645\u0627\u0631\u0627\u062a \u0627\u0644\u0639\u0631\u0628\u064a\u0629 \u0627\u0644\u0645\u062a\u062d\u062f\u0629. \u0627\u0643\u062a\u0634\u0641 \u0645\u062c\u0645\u0648\u0639\u0629 \u0645\u0646 \u0627\u0644\u0632\u064a\u0648\u062a \u0627\u0644\u0641\u0627\u062e\u0631\u0629 \u0648\u0627\u0644\u0647\u062f\u0627\u064a\u0627 \u0627\u0644\u0645\u0645\u064a\u0632\u0629 \u0628\u062c\u0648\u062f\u0629 \u0623\u0646\u062f\u0644\u0633\u064a\u0629 \u0623\u0635\u064a\u0644\u0629.\",\"breadcrumb\":{\"@id\":\"https:\/\/www.oroalandalus.ae\/es\/%d9%85%d8%aa%d8%ac%d8%b1-%d8%b2%d9%8a%d8%aa-%d8%a7%d9%84%d8%b2%d9%8a%d8%aa%d9%88%d9%86-%d8%a7%d9%84%d8%a8%d9%83%d8%b1-%d8%a7%d9%84%d9%85%d9%85%d8%aa%d8%a7%d8%b2\/#breadcrumb\"},\"inLanguage\":\"ar-AR\",\"potentialAction\":[{\"@type\":\"ReadAction\",\"target\":[\"https:\/\/www.oroalandalus.ae\/es\/%d9%85%d8%aa%d8%ac%d8%b1-%d8%b2%d9%8a%d8%aa-%d8%a7%d9%84%d8%b2%d9%8a%d8%aa%d9%88%d9%86-%d8%a7%d9%84%d8%a8%d9%83%d8%b1-%d8%a7%d9%84%d9%85%d9%85%d8%aa%d8%a7%d8%b2\/\"]}]},{\"@type\":\"ImageObject\",\"inLanguage\":\"ar-AR\",\"@id\":\"https:\/\/www.oroalandalus.ae\/es\/%d9%85%d8%aa%d8%ac%d8%b1-%d8%b2%d9%8a%d8%aa-%d8%a7%d9%84%d8%b2%d9%8a%d8%aa%d9%88%d9%86-%d8%a7%d9%84%d8%a8%d9%83%d8%b1-%d8%a7%d9%84%d9%85%d9%85%d8%aa%d8%a7%d8%b2\/#primaryimage\",\"url\":\"https:\/\/www.oroalandalus.ae\/wp-content\/uploads\/2022\/07\/destacada-tienda.jpg\",\"contentUrl\":\"https:\/\/www.oroalandalus.ae\/wp-content\/uploads\/2022\/07\/destacada-tienda.jpg\",\"width\":1200,\"height\":628},{\"@type\":\"BreadcrumbList\",\"@id\":\"https:\/\/www.oroalandalus.ae\/es\/%d9%85%d8%aa%d8%ac%d8%b1-%d8%b2%d9%8a%d8%aa-%d8%a7%d9%84%d8%b2%d9%8a%d8%aa%d9%88%d9%86-%d8%a7%d9%84%d8%a8%d9%83%d8%b1-%d8%a7%d9%84%d9%85%d9%85%d8%aa%d8%a7%d8%b2\/#breadcrumb\",\"itemListElement\":[{\"@type\":\"ListItem\",\"position\":1,\"name\":\"Home\",\"item\":\"https:\/\/www.oroalandalus.ae\/es\/\"},{\"@type\":\"ListItem\",\"position\":2,\"name\":\"Tienda\"}]},{\"@type\":\"WebSite\",\"@id\":\"\/#website\",\"url\":\"\/\",\"name\":\"Oro Al-Andal\u00fas\",\"description\":\"Aceite de Oliva Virgen Extra de Ronda\",\"publisher\":{\"@id\":\"\/#organization\"},\"potentialAction\":[{\"@type\":\"SearchAction\",\"target\":{\"@type\":\"EntryPoint\",\"urlTemplate\":\"\/?s={search_term_string}\"},\"query-input\":{\"@type\":\"PropertyValueSpecification\",\"valueRequired\":true,\"valueName\":\"search_term_string\"}}],\"inLanguage\":\"ar-AR\"},{\"@type\":\"Organization\",\"@id\":\"\/#organization\",\"name\":\"Aceite Oro Al-Andalus\",\"url\":\"\/\",\"logo\":{\"@type\":\"ImageObject\",\"inLanguage\":\"ar-AR\",\"@id\":\"\/#\/schema\/logo\/image\/\",\"url\":\"https:\/\/oroalandalus.ae\/wp-content\/uploads\/2022\/03\/logo-sin-fondo.png\",\"contentUrl\":\"https:\/\/oroalandalus.ae\/wp-content\/uploads\/2022\/03\/logo-sin-fondo.png\",\"width\":337,\"height\":345,\"caption\":\"Aceite Oro Al-Andalus\"},\"image\":{\"@id\":\"\/#\/schema\/logo\/image\/\"},\"sameAs\":[\"https:\/\/www.facebook.com\/aceiteoroalandalus\/\",\"https:\/\/www.instagram.com\/oroalandalus\/\"]}]}<\/script>\n<!-- \/ Yoast SEO Premium plugin. -->","yoast_head_json":{"title":"\u0645\u062a\u062c\u0631 \u0632\u064a\u062a \u0627\u0644\u0632\u064a\u062a\u0648\u0646 \u0627\u0644\u0628\u0643\u0631 \u0627\u0644\u0645\u0645\u062a\u0627\u0632 | \u0634\u062d\u0646 \u0645\u062c\u0627\u0646\u064a \u0641\u064a \u0627\u0644\u0625\u0645\u0627\u0631\u0627\u062a","description":"\u062a\u0633\u0648\u0651\u0642 \u0632\u064a\u062a \u0627\u0644\u0632\u064a\u062a\u0648\u0646 \u0627\u0644\u0628\u0643\u0631 \u0627\u0644\u0645\u0645\u062a\u0627\u0632 \u0645\u0646 \u0625\u0644 \u0634\u0627\u0646\u062a\u0631 \u0645\u0639 \u0634\u062d\u0646 \u0645\u062c\u0627\u0646\u064a \u0641\u064a \u0627\u0644\u0625\u0645\u0627\u0631\u0627\u062a \u0627\u0644\u0639\u0631\u0628\u064a\u0629 \u0627\u0644\u0645\u062a\u062d\u062f\u0629. \u0627\u0643\u062a\u0634\u0641 \u0645\u062c\u0645\u0648\u0639\u0629 \u0645\u0646 \u0627\u0644\u0632\u064a\u0648\u062a \u0627\u0644\u0641\u0627\u062e\u0631\u0629 \u0648\u0627\u0644\u0647\u062f\u0627\u064a\u0627 \u0627\u0644\u0645\u0645\u064a\u0632\u0629 \u0628\u062c\u0648\u062f\u0629 \u0623\u0646\u062f\u0644\u0633\u064a\u0629 \u0623\u0635\u064a\u0644\u0629.","robots":{"index":"index","follow":"follow","max-snippet":"max-snippet:-1","max-image-preview":"max-image-preview:large","max-video-preview":"max-video-preview:-1"},"canonical":"https:\/\/www.oroalandalus.ae\/es\/\u0645\u062a\u062c\u0631-\u0632\u064a\u062a-\u0627\u0644\u0632\u064a\u062a\u0648\u0646-\u0627\u0644\u0628\u0643\u0631-\u0627\u0644\u0645\u0645\u062a\u0627\u0632\/","og_locale":"ar_AR","og_type":"article","og_title":"Tienda","og_description":"Desde aqu\u00ed podr\u00e1s acceder a nuestro AOVE en diferentes formatos. Adquiere nuestro aceite de oliva virgen extra \u00fanico, elaborado en Ronda.","og_url":"https:\/\/www.oroalandalus.ae\/es\/\u0645\u062a\u062c\u0631-\u0632\u064a\u062a-\u0627\u0644\u0632\u064a\u062a\u0648\u0646-\u0627\u0644\u0628\u0643\u0631-\u0627\u0644\u0645\u0645\u062a\u0627\u0632\/","og_site_name":"Oro Al-Andal\u00fas","article_publisher":"https:\/\/www.facebook.com\/aceiteoroalandalus\/","article_modified_time":"2026-04-01T06:38:49+00:00","og_image":[{"width":1200,"height":628,"url":"https:\/\/www.oroalandalus.ae\/wp-content\/uploads\/2022\/07\/destacada-tienda.jpg","type":"image\/jpeg"}],"twitter_card":"summary_large_image","twitter_description":"Desde aqu\u00ed podr\u00e1s acceder a nuestro AOVE en diferentes formatos. Adquiere nuestro aceite de oliva virgen extra \u00fanico, elaborado en Ronda.","twitter_image":"https:\/\/www.oroalandalus.ae\/wp-content\/uploads\/2022\/07\/destacada-tienda.jpg","twitter_misc":{"Est. reading time":"1 minute"},"schema":{"@context":"https:\/\/schema.org","@graph":[{"@type":"WebPage","@id":"https:\/\/www.oroalandalus.ae\/es\/%d9%85%d8%aa%d8%ac%d8%b1-%d8%b2%d9%8a%d8%aa-%d8%a7%d9%84%d8%b2%d9%8a%d8%aa%d9%88%d9%86-%d8%a7%d9%84%d8%a8%d9%83%d8%b1-%d8%a7%d9%84%d9%85%d9%85%d8%aa%d8%a7%d8%b2\/","url":"https:\/\/www.oroalandalus.ae\/es\/%d9%85%d8%aa%d8%ac%d8%b1-%d8%b2%d9%8a%d8%aa-%d8%a7%d9%84%d8%b2%d9%8a%d8%aa%d9%88%d9%86-%d8%a7%d9%84%d8%a8%d9%83%d8%b1-%d8%a7%d9%84%d9%85%d9%85%d8%aa%d8%a7%d8%b2\/","name":"\u0645\u062a\u062c\u0631 \u0632\u064a\u062a \u0627\u0644\u0632\u064a\u062a\u0648\u0646 \u0627\u0644\u0628\u0643\u0631 \u0627\u0644\u0645\u0645\u062a\u0627\u0632 | \u0634\u062d\u0646 \u0645\u062c\u0627\u0646\u064a \u0641\u064a \u0627\u0644\u0625\u0645\u0627\u0631\u0627\u062a","isPartOf":{"@id":"\/#website"},"primaryImageOfPage":{"@id":"https:\/\/www.oroalandalus.ae\/es\/%d9%85%d8%aa%d8%ac%d8%b1-%d8%b2%d9%8a%d8%aa-%d8%a7%d9%84%d8%b2%d9%8a%d8%aa%d9%88%d9%86-%d8%a7%d9%84%d8%a8%d9%83%d8%b1-%d8%a7%d9%84%d9%85%d9%85%d8%aa%d8%a7%d8%b2\/#primaryimage"},"image":{"@id":"https:\/\/www.oroalandalus.ae\/es\/%d9%85%d8%aa%d8%ac%d8%b1-%d8%b2%d9%8a%d8%aa-%d8%a7%d9%84%d8%b2%d9%8a%d8%aa%d9%88%d9%86-%d8%a7%d9%84%d8%a8%d9%83%d8%b1-%d8%a7%d9%84%d9%85%d9%85%d8%aa%d8%a7%d8%b2\/#primaryimage"},"thumbnailUrl":"https:\/\/www.oroalandalus.ae\/wp-content\/uploads\/2022\/07\/destacada-tienda.jpg","datePublished":"2022-02-07T06:37:08+00:00","dateModified":"2026-04-01T06:38:49+00:00","description":"\u062a\u0633\u0648\u0651\u0642 \u0632\u064a\u062a \u0627\u0644\u0632\u064a\u062a\u0648\u0646 \u0627\u0644\u0628\u0643\u0631 \u0627\u0644\u0645\u0645\u062a\u0627\u0632 \u0645\u0646 \u0625\u0644 \u0634\u0627\u0646\u062a\u0631 \u0645\u0639 \u0634\u062d\u0646 \u0645\u062c\u0627\u0646\u064a \u0641\u064a \u0627\u0644\u0625\u0645\u0627\u0631\u0627\u062a \u0627\u0644\u0639\u0631\u0628\u064a\u0629 \u0627\u0644\u0645\u062a\u062d\u062f\u0629. \u0627\u0643\u062a\u0634\u0641 \u0645\u062c\u0645\u0648\u0639\u0629 \u0645\u0646 \u0627\u0644\u0632\u064a\u0648\u062a \u0627\u0644\u0641\u0627\u062e\u0631\u0629 \u0648\u0627\u0644\u0647\u062f\u0627\u064a\u0627 \u0627\u0644\u0645\u0645\u064a\u0632\u0629 \u0628\u062c\u0648\u062f\u0629 \u0623\u0646\u062f\u0644\u0633\u064a\u0629 \u0623\u0635\u064a\u0644\u0629.","breadcrumb":{"@id":"https:\/\/www.oroalandalus.ae\/es\/%d9%85%d8%aa%d8%ac%d8%b1-%d8%b2%d9%8a%d8%aa-%d8%a7%d9%84%d8%b2%d9%8a%d8%aa%d9%88%d9%86-%d8%a7%d9%84%d8%a8%d9%83%d8%b1-%d8%a7%d9%84%d9%85%d9%85%d8%aa%d8%a7%d8%b2\/#breadcrumb"},"inLanguage":"ar-AR","potentialAction":[{"@type":"ReadAction","target":["https:\/\/www.oroalandalus.ae\/es\/%d9%85%d8%aa%d8%ac%d8%b1-%d8%b2%d9%8a%d8%aa-%d8%a7%d9%84%d8%b2%d9%8a%d8%aa%d9%88%d9%86-%d8%a7%d9%84%d8%a8%d9%83%d8%b1-%d8%a7%d9%84%d9%85%d9%85%d8%aa%d8%a7%d8%b2\/"]}]},{"@type":"ImageObject","inLanguage":"ar-AR","@id":"https:\/\/www.oroalandalus.ae\/es\/%d9%85%d8%aa%d8%ac%d8%b1-%d8%b2%d9%8a%d8%aa-%d8%a7%d9%84%d8%b2%d9%8a%d8%aa%d9%88%d9%86-%d8%a7%d9%84%d8%a8%d9%83%d8%b1-%d8%a7%d9%84%d9%85%d9%85%d8%aa%d8%a7%d8%b2\/#primaryimage","url":"https:\/\/www.oroalandalus.ae\/wp-content\/uploads\/2022\/07\/destacada-tienda.jpg","contentUrl":"https:\/\/www.oroalandalus.ae\/wp-content\/uploads\/2022\/07\/destacada-tienda.jpg","width":1200,"height":628},{"@type":"BreadcrumbList","@id":"https:\/\/www.oroalandalus.ae\/es\/%d9%85%d8%aa%d8%ac%d8%b1-%d8%b2%d9%8a%d8%aa-%d8%a7%d9%84%d8%b2%d9%8a%d8%aa%d9%88%d9%86-%d8%a7%d9%84%d8%a8%d9%83%d8%b1-%d8%a7%d9%84%d9%85%d9%85%d8%aa%d8%a7%d8%b2\/#breadcrumb","itemListElement":[{"@type":"ListItem","position":1,"name":"Home","item":"https:\/\/www.oroalandalus.ae\/es\/"},{"@type":"ListItem","position":2,"name":"Tienda"}]},{"@type":"WebSite","@id":"\/#website","url":"\/","name":"Oro Al-Andal\u00fas","description":"Aceite de Oliva Virgen Extra de Ronda","publisher":{"@id":"\/#organization"},"potentialAction":[{"@type":"SearchAction","target":{"@type":"EntryPoint","urlTemplate":"\/?s={search_term_string}"},"query-input":{"@type":"PropertyValueSpecification","valueRequired":true,"valueName":"search_term_string"}}],"inLanguage":"ar-AR"},{"@type":"Organization","@id":"\/#organization","name":"Aceite Oro Al-Andalus","url":"\/","logo":{"@type":"ImageObject","inLanguage":"ar-AR","@id":"\/#\/schema\/logo\/image\/","url":"https:\/\/oroalandalus.ae\/wp-content\/uploads\/2022\/03\/logo-sin-fondo.png","contentUrl":"https:\/\/oroalandalus.ae\/wp-content\/uploads\/2022\/03\/logo-sin-fondo.png","width":337,"height":345,"caption":"Aceite Oro Al-Andalus"},"image":{"@id":"\/#\/schema\/logo\/image\/"},"sameAs":["https:\/\/www.facebook.com\/aceiteoroalandalus\/","https:\/\/www.instagram.com\/oroalandalus\/"]}]}},"_links":{"self":[{"href":"https:\/\/www.oroalandalus.ae\/es\/wp-json\/wp\/v2\/pages\/7","targetHints":{"allow":["GET"]}}],"collection":[{"href":"https:\/\/www.oroalandalus.ae\/es\/wp-json\/wp\/v2\/pages"}],"about":[{"href":"https:\/\/www.oroalandalus.ae\/es\/wp-json\/wp\/v2\/types\/page"}],"author":[{"embeddable":true,"href":"https:\/\/www.oroalandalus.ae\/es\/wp-json\/wp\/v2\/users\/1"}],"replies":[{"embeddable":true,"href":"https:\/\/www.oroalandalus.ae\/es\/wp-json\/wp\/v2\/comments?post=7"}],"version-history":[{"count":1,"href":"https:\/\/www.oroalandalus.ae\/es\/wp-json\/wp\/v2\/pages\/7\/revisions"}],"predecessor-version":[{"id":9298,"href":"https:\/\/www.oroalandalus.ae\/es\/wp-json\/wp\/v2\/pages\/7\/revisions\/9298"}],"wp:featuredmedia":[{"embeddable":true,"href":"https:\/\/www.oroalandalus.ae\/es\/wp-json\/wp\/v2\/media\/1954"}],"wp:attachment":[{"href":"https:\/\/www.oroalandalus.ae\/es\/wp-json\/wp\/v2\/media?parent=7"}],"curies":[{"name":"wp","href":"https:\/\/api.w.org\/{rel}","templated":true}]}}